{"id":60,"date":"2023-12-14T16:40:38","date_gmt":"2023-12-14T15:40:38","guid":{"rendered":"https:\/\/sajes-ministry.com\/?page_id=60"},"modified":"2023-12-14T16:46:38","modified_gmt":"2023-12-14T15:46:38","slug":"elementor-60","status":"publish","type":"page","link":"https:\/\/sajes-ministry.com\/index.php\/elementor-60\/","title":{"rendered":"Elementor #60"},"content":{"rendered":"\t\t<div data-elementor-type=\"wp-page\" data-elementor-id=\"60\" class=\"elementor elementor-60\">\n\t\t\t\t\t\t\t\t\t<section class=\"elementor-section elementor-top-section elementor-element elementor-element-5f560124 elementor-section-full_width elementor-section-height-default elementor-section-height-default\" data-id=\"5f560124\" data-element_type=\"section\" data-settings=\"{&quot;background_background&quot;:&quot;gradient&quot;,&quot;shape_divider_bottom&quot;:&quot;waves&quot;,&quot;shape_divider_bottom_negative&quot;:&quot;yes&quot;}\">\n\t\t\t\t\t<div class=\"elementor-shape elementor-shape-bottom\" data-negative=\"true\">\n\t\t\t<svg xmlns=\"http:\/\/www.w3.org\/2000\/svg\" viewBox=\"0 0 1000 100\" preserveAspectRatio=\"none\">\n\t<path class=\"elementor-shape-fill\" d=\"M790.5,93.1c-59.3-5.3-116.8-18-192.6-50c-29.6-12.7-76.9-31-100.5-35.9c-23.6-4.9-52.6-7.8-75.5-5.3\n\tc-10.2,1.1-22.6,1.4-50.1,7.4c-27.2,6.3-58.2,16.6-79.4,24.7c-41.3,15.9-94.9,21.9-134,22.6C72,58.2,0,25.8,0,25.8V100h1000V65.3\n\tc0,0-51.5,19.4-106.2,25.7C839.5,97,814.1,95.2,790.5,93.1z\"\/>\n<\/svg>\t\t<\/div>\n\t\t\t\t\t<div class=\"elementor-container elementor-column-gap-default\">\n\t\t\t\t\t<div class=\"elementor-column elementor-col-100 elementor-top-column elementor-element elementor-element-ae5d677\" data-id=\"ae5d677\" data-element_type=\"column\">\n\t\t\t<div class=\"elementor-widget-wrap elementor-element-populated\">\n\t\t\t\t\t\t\t\t<div class=\"elementor-element elementor-element-408414b0 elementor-absolute elementor-widget elementor-widget-heading\" data-id=\"408414b0\" data-element_type=\"widget\" data-settings=\"{&quot;_position&quot;:&quot;absolute&quot;}\" data-widget_type=\"heading.default\">\n\t\t\t\t<div class=\"elementor-widget-container\">\n\t\t\t<style>\/*! elementor - v3.15.0 - 20-08-2023 *\/\n.elementor-heading-title{padding:0;margin:0;line-height:1}.elementor-widget-heading .elementor-heading-title[class*=elementor-size-]>a{color:inherit;font-size:inherit;line-height:inherit}.elementor-widget-heading .elementor-heading-title.elementor-size-small{font-size:15px}.elementor-widget-heading .elementor-heading-title.elementor-size-medium{font-size:19px}.elementor-widget-heading .elementor-heading-title.elementor-size-large{font-size:29px}.elementor-widget-heading .elementor-heading-title.elementor-size-xl{font-size:39px}.elementor-widget-heading .elementor-heading-title.elementor-size-xxl{font-size:59px}<\/style><p class=\"elementor-heading-title elementor-size-default\">SALUT EN JESUS SEUL<\/p>\t\t<\/div>\n\t\t\t\t<\/div>\n\t\t\t\t<div class=\"elementor-element elementor-element-753ed73e elementor-widget elementor-widget-elementskit-heading\" data-id=\"753ed73e\" data-element_type=\"widget\" data-widget_type=\"elementskit-heading.default\">\n\t\t\t\t<div class=\"elementor-widget-container\">\n\t\t\t<div class=\"ekit-wid-con\" ><div class=\"ekit-heading elementskit-section-title-wraper text_center   ekit_heading_tablet-   ekit_heading_mobile-\"><h2 class=\"ekit-heading--title elementskit-section-title \">Let the <span><span>SAJES<\/span><\/span> Begin<\/h2><\/div><\/div>\t\t<\/div>\n\t\t\t\t<\/div>\n\t\t\t\t<section class=\"elementor-section elementor-inner-section elementor-element elementor-element-3a35deab elementor-section-full_width elementor-section-height-default elementor-section-height-default\" data-id=\"3a35deab\" data-element_type=\"section\">\n\t\t\t\t\t\t<div class=\"elementor-container elementor-column-gap-no\">\n\t\t\t\t\t<div class=\"elementor-column elementor-col-100 elementor-inner-column elementor-element elementor-element-5bd40fc5\" data-id=\"5bd40fc5\" data-element_type=\"column\">\n\t\t\t<div class=\"elementor-widget-wrap elementor-element-populated\">\n\t\t\t\t\t\t\t\t<div class=\"elementor-element elementor-element-7422db1 elementor-widget elementor-widget-heading\" data-id=\"7422db1\" data-element_type=\"widget\" data-widget_type=\"heading.default\">\n\t\t\t\t<div class=\"elementor-widget-container\">\n\t\t\t<h4 class=\"elementor-heading-title elementor-size-medium\">Nous Sommes un groupe de trois jeunes dames chr\u00e9tiennes et passionn\u00e9es pour J\u00e9sus-Christ. \nNous avons connu l\u2019amour que Dieu a pour les Hommes et\u00a0nous\u00a0avons\u00a0cru.<\/h4>\t\t<\/div>\n\t\t\t\t<\/div>\n\t\t\t\t\t<\/div>\n\t\t<\/div>\n\t\t\t\t\t\t\t<\/div>\n\t\t<\/section>\n\t\t\t\t<div class=\"elementor-element elementor-element-1259ddd9 ekit-image-accordion-hover elementor-widget__width-initial ekit-image-accordion-horizontal elementor-widget elementor-widget-elementskit-image-accordion\" data-id=\"1259ddd9\" data-element_type=\"widget\" data-widget_type=\"elementskit-image-accordion.default\">\n\t\t\t\t<div class=\"elementor-widget-container\">\n\t\t\t<div class=\"ekit-wid-con\" >        <div class=\"ekit-image-accordion elementskit-image-accordion-wraper\">\n                            <input type=\"radio\" name=\"ekit_ia_1259ddd9\" id=\"ekit_ia_1259ddd9_0\" class=\"elementskit-single-image-accordion--input\"  hidden>\n                <label for=\"ekit_ia_1259ddd9_0\" class=\"elementskit-single-image-accordion ekit-image-accordion-item\" style=\"background-image: url(https:\/\/sajes-ministry.com\/wp-content\/uploads\/2023\/12\/photography_3.jpg)\" >\n                    <span class=\"elementskit-accordion-content\">\n                                            <span class=\"elementskit-icon-wraper ekit-image-accordion-actions\">\n                                                        <a data-elementor-open-lightbox=\"yes\" data-elementor-lightbox-slideshow=\"1259ddd9\" data-elementor-lightbox-title=\"photography_3.jpg\" data-e-action-hash=\"#elementor-action%3Aaction%3Dlightbox%26settings%3DeyJpZCI6NzAsInVybCI6Imh0dHBzOlwvXC9zYWplcy1taW5pc3RyeS5jb21cL3dwLWNvbnRlbnRcL3VwbG9hZHNcLzIwMjNcLzEyXC9waG90b2dyYXBoeV8zLmpwZyIsInNsaWRlc2hvdyI6IjEyNTlkZGQ5In0%3D\" href=\"https:\/\/sajes-ministry.com\/wp-content\/uploads\/2023\/12\/photography_3.jpg\" aria-label=\"pupup-button\" class=\"icon-outline circle\">\n                                <i aria-hidden=\"true\" class=\"icon icon-plus\"><\/i>                                <\/a>\n                                                                                <a  class=\"icon-outline circle\">\n                                <i aria-hidden=\"true\" class=\"icon icon-link\"><\/i>                                <\/a>\n                                                    <\/span>\n                                                <span class=\"elementskit-accordion-title-wraper\">\n                            <span class=\"elementskit-accordion-title \">\n                            \n                            Attractive Smile\n                                                        <\/span>\n                        <\/span>\n                                            <\/span>\n                <\/label>\n                            <input type=\"radio\" name=\"ekit_ia_1259ddd9\" id=\"ekit_ia_1259ddd9_1\" class=\"elementskit-single-image-accordion--input\"  hidden>\n                <label for=\"ekit_ia_1259ddd9_1\" class=\"elementskit-single-image-accordion ekit-image-accordion-item\" style=\"background-image: url(https:\/\/sajes-ministry.com\/wp-content\/uploads\/2023\/12\/photography_1.jpg)\" >\n                    <span class=\"elementskit-accordion-content\">\n                                            <span class=\"elementskit-icon-wraper ekit-image-accordion-actions\">\n                                                        <a data-elementor-open-lightbox=\"yes\" data-elementor-lightbox-slideshow=\"1259ddd9\" data-elementor-lightbox-title=\"photography_1.jpg\" data-e-action-hash=\"#elementor-action%3Aaction%3Dlightbox%26settings%3DeyJpZCI6NzEsInVybCI6Imh0dHBzOlwvXC9zYWplcy1taW5pc3RyeS5jb21cL3dwLWNvbnRlbnRcL3VwbG9hZHNcLzIwMjNcLzEyXC9waG90b2dyYXBoeV8xLmpwZyIsInNsaWRlc2hvdyI6IjEyNTlkZGQ5In0%3D\" href=\"https:\/\/sajes-ministry.com\/wp-content\/uploads\/2023\/12\/photography_1.jpg\" aria-label=\"pupup-button\" class=\"icon-outline circle\">\n                                <i aria-hidden=\"true\" class=\"icon icon-plus\"><\/i>                                <\/a>\n                                                                                <a  class=\"icon-outline circle\">\n                                <i aria-hidden=\"true\" class=\"icon icon-link\"><\/i>                                <\/a>\n                                                    <\/span>\n                                                <span class=\"elementskit-accordion-title-wraper\">\n                            <span class=\"elementskit-accordion-title \">\n                            \n                            Attractive Smile\n                                                        <\/span>\n                        <\/span>\n                                            <\/span>\n                <\/label>\n                            <input type=\"radio\" name=\"ekit_ia_1259ddd9\" id=\"ekit_ia_1259ddd9_2\" class=\"elementskit-single-image-accordion--input\" checked hidden>\n                <label for=\"ekit_ia_1259ddd9_2\" class=\"elementskit-single-image-accordion ekit-image-accordion-item\" style=\"background-image: url(https:\/\/sajes-ministry.com\/wp-content\/uploads\/2023\/12\/photography_2.jpg)\" >\n                    <span class=\"elementskit-accordion-content\">\n                                            <span class=\"elementskit-icon-wraper ekit-image-accordion-actions\">\n                                                        <a data-elementor-open-lightbox=\"yes\" data-elementor-lightbox-slideshow=\"1259ddd9\" data-elementor-lightbox-title=\"photography_2.jpg\" data-e-action-hash=\"#elementor-action%3Aaction%3Dlightbox%26settings%3DeyJpZCI6NzIsInVybCI6Imh0dHBzOlwvXC9zYWplcy1taW5pc3RyeS5jb21cL3dwLWNvbnRlbnRcL3VwbG9hZHNcLzIwMjNcLzEyXC9waG90b2dyYXBoeV8yLmpwZyIsInNsaWRlc2hvdyI6IjEyNTlkZGQ5In0%3D\" href=\"https:\/\/sajes-ministry.com\/wp-content\/uploads\/2023\/12\/photography_2.jpg\" aria-label=\"pupup-button\" class=\"icon-outline circle\">\n                                <i aria-hidden=\"true\" class=\"icon icon-plus\"><\/i>                                <\/a>\n                                                                                <a  class=\"icon-outline circle\">\n                                <i aria-hidden=\"true\" class=\"icon icon-link\"><\/i>                                <\/a>\n                                                    <\/span>\n                                                <span class=\"elementskit-accordion-title-wraper\">\n                            <span class=\"elementskit-accordion-title \">\n                            \n                            Attractive Smile\n                                                        <\/span>\n                        <\/span>\n                                            <\/span>\n                <\/label>\n                            <input type=\"radio\" name=\"ekit_ia_1259ddd9\" id=\"ekit_ia_1259ddd9_3\" class=\"elementskit-single-image-accordion--input\"  hidden>\n                <label for=\"ekit_ia_1259ddd9_3\" class=\"elementskit-single-image-accordion ekit-image-accordion-item\" style=\"background-image: url(https:\/\/sajes-ministry.com\/wp-content\/uploads\/2023\/12\/photography_4.jpg)\" >\n                    <span class=\"elementskit-accordion-content\">\n                                            <span class=\"elementskit-icon-wraper ekit-image-accordion-actions\">\n                                                        <a data-elementor-open-lightbox=\"yes\" data-elementor-lightbox-slideshow=\"1259ddd9\" data-elementor-lightbox-title=\"photography_4.jpg\" data-e-action-hash=\"#elementor-action%3Aaction%3Dlightbox%26settings%3DeyJpZCI6NzMsInVybCI6Imh0dHBzOlwvXC9zYWplcy1taW5pc3RyeS5jb21cL3dwLWNvbnRlbnRcL3VwbG9hZHNcLzIwMjNcLzEyXC9waG90b2dyYXBoeV80LmpwZyIsInNsaWRlc2hvdyI6IjEyNTlkZGQ5In0%3D\" href=\"https:\/\/sajes-ministry.com\/wp-content\/uploads\/2023\/12\/photography_4.jpg\" aria-label=\"pupup-button\" class=\"icon-outline circle\">\n                                <i aria-hidden=\"true\" class=\"icon icon-plus\"><\/i>                                <\/a>\n                                                                                <a  class=\"icon-outline circle\">\n                                <i aria-hidden=\"true\" class=\"icon icon-link\"><\/i>                                <\/a>\n                                                    <\/span>\n                                                <span class=\"elementskit-accordion-title-wraper\">\n                            <span class=\"elementskit-accordion-title \">\n                            \n                            Attractive Smile\n                                                        <\/span>\n                        <\/span>\n                                            <\/span>\n                <\/label>\n                    <\/div>\n    <\/div>\t\t<\/div>\n\t\t\t\t<\/div>\n\t\t\t\t<div class=\"elementor-element elementor-element-385cb980 elementor-widget elementor-widget-elementskit-heading\" data-id=\"385cb980\" data-element_type=\"widget\" data-widget_type=\"elementskit-heading.default\">\n\t\t\t\t<div class=\"elementor-widget-container\">\n\t\t\t<div class=\"ekit-wid-con\" ><div class=\"ekit-heading elementskit-section-title-wraper text_center   ekit_heading_tablet-   ekit_heading_mobile-\">\t\t\t\t<div class='ekit-heading__description'>\n\t\t\t\t\t<p>Start planning your vacation with our trip guides, It\u2019s time to explore the world. Capture everything!<\/p>\n\t\t\t\t<\/div>\n\t\t\t<\/div><\/div>\t\t<\/div>\n\t\t\t\t<\/div>\n\t\t\t\t\t<\/div>\n\t\t<\/div>\n\t\t\t\t\t\t\t<\/div>\n\t\t<\/section>\n\t\t\t\t\t\t\t<\/div>\n\t\t","protected":false},"excerpt":{"rendered":"<p>SALUT EN JESUS SEUL Let the SAJES Begin Nous Sommes un groupe de trois jeunes dames chr\u00e9tiennes et passionn\u00e9es pour J\u00e9sus-Christ. Nous avons connu l\u2019amour que Dieu a pour les Hommes et\u00a0nous\u00a0avons\u00a0cru. Attractive Smile Attractive Smile Attractive Smile Attractive Smile Start planning your vacation with our trip guides, It\u2019s time to explore the world. Capture [&hellip;]<\/p>\n","protected":false},"author":2,"featured_media":0,"parent":0,"menu_order":0,"comment_status":"closed","ping_status":"closed","template":"elementor_header_footer","meta":{"saved_in_kubio":false,"footnotes":""},"kubio_ai_page_context":{"short_desc":"","purpose":"general"},"_links":{"self":[{"href":"https:\/\/sajes-ministry.com\/index.php\/wp-json\/wp\/v2\/pages\/60"}],"collection":[{"href":"https:\/\/sajes-ministry.com\/index.php\/wp-json\/wp\/v2\/pages"}],"about":[{"href":"https:\/\/sajes-ministry.com\/index.php\/wp-json\/wp\/v2\/types\/page"}],"author":[{"embeddable":true,"href":"https:\/\/sajes-ministry.com\/index.php\/wp-json\/wp\/v2\/users\/2"}],"replies":[{"embeddable":true,"href":"https:\/\/sajes-ministry.com\/index.php\/wp-json\/wp\/v2\/comments?post=60"}],"version-history":[{"count":4,"href":"https:\/\/sajes-ministry.com\/index.php\/wp-json\/wp\/v2\/pages\/60\/revisions"}],"predecessor-version":[{"id":86,"href":"https:\/\/sajes-ministry.com\/index.php\/wp-json\/wp\/v2\/pages\/60\/revisions\/86"}],"wp:attachment":[{"href":"https:\/\/sajes-ministry.com\/index.php\/wp-json\/wp\/v2\/media?parent=60"}],"curies":[{"name":"wp","href":"https:\/\/api.w.org\/{rel}","templated":true}]}}